{"id":3991,"date":"2019-10-15T10:12:50","date_gmt":"2019-10-15T10:12:50","guid":{"rendered":"https:\/\/aperitif.qodeinteractive.com\/?post_type=product&#038;p=3991"},"modified":"2025-03-31T19:21:55","modified_gmt":"2025-03-31T19:21:55","slug":"abate-fetel-brandy","status":"publish","type":"product","link":"https:\/\/pirum.rs\/en\/product\/abate-fetel-brandy\/","title":{"rendered":"Abate Fetel"},"content":{"rendered":"<p>[pl_row]<br \/>\n[pl_col col=12]<\/p>","protected":false},"excerpt":{"rendered":"<p><strong>Abate Fetel Pirum brandy<\/strong> is an alcoholic beverage distilled from 100% pure pear. Made from the Abate Fetel pear type, it contains about 43% alcohol. It gives a very mild aroma with a nice smooth taste - again, a good option if you don't want to be pushed away by a taste that is too powerful and irresistible.<\/p>\n<p>&nbsp;<\/p>\n<p>ABV: 43% vol.<\/p>\n<p>Packaging: Glass packaging 0.7 l<\/p>\n<p>Shelf life: unlimited<\/p>","protected":false},"featured_media":4653,"template":"","meta":[],"yoast_head":"<!-- This site is optimized with the Yoast SEO plugin v15.1.1 - https:\/\/yoast.com\/wordpress\/plugins\/seo\/ -->\n<title>Abate Fetel - Pirum fruit brandy<\/title>\n<meta name=\"robots\" content=\"index, follow, max-snippet:-1, max-image-preview:large, max-video-preview:-1\" \/>\n<link rel=\"canonical\" href=\"https:\/\/pirum.rs\/en\/product\/abate-fetel-brandy\/\" \/>\n<meta property=\"og:locale\" content=\"en_US\" \/>\n<meta property=\"og:type\" content=\"article\" \/>\n<meta property=\"og:title\" content=\"Abate Fetel - Pirum fruit brandy\" \/>\n<meta property=\"og:description\" content=\"Abate Fetel Pirum rakija je alkoholno pic\u0301e destilovano iz 100% \u010diste kru\u0161ke. Napravljena od vrste kru\u0161aka Abate Fetel, sadr\u017ei oko 43% alkohola. Daje vrlo blagu aromu sa lepim glatkim ukusom - opet, dobra opcija ako ne \u017eelite da vas odgurne ukus koji je previ\u0161e moc\u0301an i neodoljiv.  &nbsp;  ABV: 43% vol.  Pakovanje: Staklena ambala\u017ea 0,7 l  Rok upotrebe: neograni\u010den\" \/>\n<meta property=\"og:url\" content=\"https:\/\/pirum.rs\/en\/product\/abate-fetel-brandy\/\" \/>\n<meta property=\"og:site_name\" content=\"Pirum fruit brandy\" \/>\n<meta property=\"article:publisher\" content=\"https:\/\/www.facebook.com\/pirum.fruit.brandy\" \/>\n<meta property=\"article:modified_time\" content=\"2025-03-31T19:21:55+00:00\" \/>\n<meta property=\"og:image\" content=\"https:\/\/pirum.rs\/wp-content\/uploads\/2019\/10\/abateFetelSmall.png\" \/>\n\t<meta property=\"og:image:width\" content=\"941\" \/>\n\t<meta property=\"og:image:height\" content=\"1200\" \/>\n<meta name=\"twitter:card\" content=\"summary_large_image\" \/>\n<script type=\"application\/ld+json\" class=\"yoast-schema-graph\">{\"@context\":\"https:\/\/schema.org\",\"@graph\":[{\"@type\":\"Organization\",\"@id\":\"https:\/\/pirum.rs\/en\/#organization\",\"name\":\"Pirum\",\"url\":\"https:\/\/pirum.rs\/en\/\",\"sameAs\":[\"https:\/\/www.facebook.com\/pirum.fruit.brandy\",\"https:\/\/www.instagram.com\/pirum.brandy\/\"],\"logo\":{\"@type\":\"ImageObject\",\"@id\":\"https:\/\/pirum.rs\/en\/#logo\",\"inLanguage\":\"en-US\",\"url\":\"https:\/\/pirum.rs\/wp-content\/uploads\/2020\/04\/pyrosLogoBlack.png\",\"width\":216,\"height\":217,\"caption\":\"Pirum\"},\"image\":{\"@id\":\"https:\/\/pirum.rs\/en\/#logo\"}},{\"@type\":\"WebSite\",\"@id\":\"https:\/\/pirum.rs\/en\/#website\",\"url\":\"https:\/\/pirum.rs\/en\/\",\"name\":\"Pirum fruit brandy\",\"description\":\"Carefully crafted fruit brandy\",\"publisher\":{\"@id\":\"https:\/\/pirum.rs\/en\/#organization\"},\"potentialAction\":[{\"@type\":\"SearchAction\",\"target\":\"https:\/\/pirum.rs\/en\/?s={search_term_string}\",\"query-input\":\"required name=search_term_string\"}],\"inLanguage\":\"en-US\"},{\"@type\":\"ImageObject\",\"@id\":\"https:\/\/pirum.rs\/product\/abate-fetel-brandy\/#primaryimage\",\"inLanguage\":\"en-US\",\"url\":\"https:\/\/pirum.rs\/wp-content\/uploads\/2019\/10\/abateFetelSmall.png\",\"width\":941,\"height\":1200},{\"@type\":\"WebPage\",\"@id\":\"https:\/\/pirum.rs\/product\/abate-fetel-brandy\/#webpage\",\"url\":\"https:\/\/pirum.rs\/product\/abate-fetel-brandy\/\",\"name\":\"Abate Fetel - Pirum fruit brandy\",\"isPartOf\":{\"@id\":\"https:\/\/pirum.rs\/en\/#website\"},\"primaryImageOfPage\":{\"@id\":\"https:\/\/pirum.rs\/product\/abate-fetel-brandy\/#primaryimage\"},\"datePublished\":\"2019-10-15T10:12:50+00:00\",\"dateModified\":\"2025-03-31T19:21:55+00:00\",\"inLanguage\":\"en-US\",\"potentialAction\":[{\"@type\":\"ReadAction\",\"target\":[\"https:\/\/pirum.rs\/product\/abate-fetel-brandy\/\"]}]}]}<\/script>\n<!-- \/ Yoast SEO plugin. -->","_links":{"self":[{"href":"https:\/\/pirum.rs\/en\/wp-json\/wp\/v2\/product\/3991"}],"collection":[{"href":"https:\/\/pirum.rs\/en\/wp-json\/wp\/v2\/product"}],"about":[{"href":"https:\/\/pirum.rs\/en\/wp-json\/wp\/v2\/types\/product"}],"wp:featuredmedia":[{"embeddable":true,"href":"https:\/\/pirum.rs\/en\/wp-json\/wp\/v2\/media\/4653"}],"wp:attachment":[{"href":"https:\/\/pirum.rs\/en\/wp-json\/wp\/v2\/media?parent=3991"}],"curies":[{"name":"wp","href":"https:\/\/api.w.org\/{rel}","templated":true}]}}