{"id":3990,"date":"2019-10-15T10:12:08","date_gmt":"2019-10-15T10:12:08","guid":{"rendered":"https:\/\/aperitif.qodeinteractive.com\/?post_type=product&#038;p=3990"},"modified":"2025-03-31T19:22:08","modified_gmt":"2025-03-31T19:22:08","slug":"carmen","status":"publish","type":"product","link":"https:\/\/pirum.rs\/en\/product\/carmen\/","title":{"rendered":"Carmen"},"content":{"rendered":"","protected":false},"excerpt":{"rendered":"<p>Carmen Pirum brandy is a top brandy that you will want to save for special occasions. Made from 100% pure Carmen pear, it encompasses the perfect balance of aroma and taste. It\u2019s great if you want a better brandy experience. This premium brandy has a rich and balanced taste.<\/p>\n<p>&nbsp;<\/p>\n<p>ABV: 43% vol.<\/p>\n<p>Packaging: Glass packaging 0.7 l<\/p>\n<p>Shelf life: unlimited<\/p>","protected":false},"featured_media":4657,"template":"","meta":[],"yoast_head":"<!-- This site is optimized with the Yoast SEO plugin v15.1.1 - https:\/\/yoast.com\/wordpress\/plugins\/seo\/ -->\n<title>Carmen - Pirum fruit brandy<\/title>\n<meta name=\"robots\" content=\"index, follow, max-snippet:-1, max-image-preview:large, max-video-preview:-1\" \/>\n<link rel=\"canonical\" href=\"https:\/\/pirum.rs\/en\/product\/carmen\/\" \/>\n<meta property=\"og:locale\" content=\"en_US\" \/>\n<meta property=\"og:type\" content=\"article\" \/>\n<meta property=\"og:title\" content=\"Carmen - Pirum fruit brandy\" \/>\n<meta property=\"og:description\" content=\"Carmen Pirum rakija je vrhunska rakija koju c\u0301ete \u017eeleti da sa\u010duvate za posebne prilike. Napravljena od 100% \u010diste Carmen kru\u0161ke, obuhvata savr\u0161enu ravnote\u017eu arome i ukusa. Sjajna je ako \u017eelite bolji do\u017eivljaj rakije. Ova vrhunska rakija ima bogat i uravnote\u017een ukus.  &nbsp;  ABV: 43% vol.  Pakovanje: Staklena ambala\u017ea 0,7 l  Rok upotrebe: neograni\u010den\" \/>\n<meta property=\"og:url\" content=\"https:\/\/pirum.rs\/en\/product\/carmen\/\" \/>\n<meta property=\"og:site_name\" content=\"Pirum fruit brandy\" \/>\n<meta property=\"article:publisher\" content=\"https:\/\/www.facebook.com\/pirum.fruit.brandy\" \/>\n<meta property=\"article:modified_time\" content=\"2025-03-31T19:22:08+00:00\" \/>\n<meta property=\"og:image\" content=\"https:\/\/pirum.rs\/wp-content\/uploads\/2019\/10\/carmenFetelSmall.png\" \/>\n\t<meta property=\"og:image:width\" content=\"941\" \/>\n\t<meta property=\"og:image:height\" content=\"1200\" \/>\n<meta name=\"twitter:card\" content=\"summary_large_image\" \/>\n<script type=\"application\/ld+json\" class=\"yoast-schema-graph\">{\"@context\":\"https:\/\/schema.org\",\"@graph\":[{\"@type\":\"Organization\",\"@id\":\"https:\/\/pirum.rs\/en\/#organization\",\"name\":\"Pirum\",\"url\":\"https:\/\/pirum.rs\/en\/\",\"sameAs\":[\"https:\/\/www.facebook.com\/pirum.fruit.brandy\",\"https:\/\/www.instagram.com\/pirum.brandy\/\"],\"logo\":{\"@type\":\"ImageObject\",\"@id\":\"https:\/\/pirum.rs\/en\/#logo\",\"inLanguage\":\"en-US\",\"url\":\"https:\/\/pirum.rs\/wp-content\/uploads\/2020\/04\/pyrosLogoBlack.png\",\"width\":216,\"height\":217,\"caption\":\"Pirum\"},\"image\":{\"@id\":\"https:\/\/pirum.rs\/en\/#logo\"}},{\"@type\":\"WebSite\",\"@id\":\"https:\/\/pirum.rs\/en\/#website\",\"url\":\"https:\/\/pirum.rs\/en\/\",\"name\":\"Pirum fruit brandy\",\"description\":\"Carefully crafted fruit brandy\",\"publisher\":{\"@id\":\"https:\/\/pirum.rs\/en\/#organization\"},\"potentialAction\":[{\"@type\":\"SearchAction\",\"target\":\"https:\/\/pirum.rs\/en\/?s={search_term_string}\",\"query-input\":\"required name=search_term_string\"}],\"inLanguage\":\"en-US\"},{\"@type\":\"ImageObject\",\"@id\":\"https:\/\/pirum.rs\/product\/carmen\/#primaryimage\",\"inLanguage\":\"en-US\",\"url\":\"https:\/\/pirum.rs\/wp-content\/uploads\/2019\/10\/carmenFetelSmall.png\",\"width\":941,\"height\":1200},{\"@type\":\"WebPage\",\"@id\":\"https:\/\/pirum.rs\/product\/carmen\/#webpage\",\"url\":\"https:\/\/pirum.rs\/product\/carmen\/\",\"name\":\"Carmen - Pirum fruit brandy\",\"isPartOf\":{\"@id\":\"https:\/\/pirum.rs\/en\/#website\"},\"primaryImageOfPage\":{\"@id\":\"https:\/\/pirum.rs\/product\/carmen\/#primaryimage\"},\"datePublished\":\"2019-10-15T10:12:08+00:00\",\"dateModified\":\"2025-03-31T19:22:08+00:00\",\"inLanguage\":\"en-US\",\"potentialAction\":[{\"@type\":\"ReadAction\",\"target\":[\"https:\/\/pirum.rs\/product\/carmen\/\"]}]}]}<\/script>\n<!-- \/ Yoast SEO plugin. -->","_links":{"self":[{"href":"https:\/\/pirum.rs\/en\/wp-json\/wp\/v2\/product\/3990"}],"collection":[{"href":"https:\/\/pirum.rs\/en\/wp-json\/wp\/v2\/product"}],"about":[{"href":"https:\/\/pirum.rs\/en\/wp-json\/wp\/v2\/types\/product"}],"wp:featuredmedia":[{"embeddable":true,"href":"https:\/\/pirum.rs\/en\/wp-json\/wp\/v2\/media\/4657"}],"wp:attachment":[{"href":"https:\/\/pirum.rs\/en\/wp-json\/wp\/v2\/media?parent=3990"}],"curies":[{"name":"wp","href":"https:\/\/api.w.org\/{rel}","templated":true}]}}