{"id":1209,"date":"2019-09-06T13:16:30","date_gmt":"2019-09-06T13:16:30","guid":{"rendered":"https:\/\/aperitif.qodeinteractive.com\/?page_id=1209"},"modified":"2021-04-13T21:46:20","modified_gmt":"2021-04-13T21:46:20","slug":"kontakt","status":"publish","type":"page","link":"https:\/\/pirum.rs\/en\/kontakt\/","title":{"rendered":"Contact"},"content":{"rendered":"<div class=\"qodef-content-grid\"><div class=\"vc_row wpb_row vc_row-fluid\"><div class=\"wpb_column vc_column_container vc_col-sm-12\"><div class=\"vc_column-inner\"><div class=\"wpb_wrapper\"><div class=\"vc_empty_space\"   style=\"height: 60px\"><span class=\"vc_empty_space_inner\"><\/span><\/div><div class=\"qodef-shortcode qodef-m  qodef-section-title qodef-alignment--left\">\n\t\t<h3 class=\"qodef-m-title\" style=\"color: #dd9933\">\n\t\tContact Us\t\t<\/h3>\n\t\t<\/div><div class=\"vc_empty_space\"   style=\"height: 30px\"><span class=\"vc_empty_space_inner\"><\/span><\/div><div class=\"qodef-shortcode qodef-m  qodef-icon-with-text qodef-layout--before-content qodef--icon-pack\">\n\t<div class=\"qodef-m-icon-wrapper\">\n\t\t<span class=\"qodef-shortcode qodef-m  qodef-icon-holder qodef-size--default qodef-layout--normal\"  style=\"color: #c8693a\">\t\t\t<a itemprop=\"url\" href=\"mailto:info@pirum.rs\" target=\"_blank\">        <span class=\"qodef-icon-linea-icons icon-basic-mail qodef-icon qodef-e\" style=\"font-size:21px\" ><\/span>            <\/a>\t<\/span>\t<\/div>\n\t<div class=\"qodef-m-content\">\n\t\t\t\t\t\t\t<a itemprop=\"url\" href=\"mailto:info@pirum.rs\" target=\"_blank\">\n\t\t<p class=\"qodef-m-text\" style=\"margin-top: -2px;color: #817c7b\">info@pirum.rs<\/p>\n\t\t\t<\/a>\n\t\t<\/div>\n<\/div><div class=\"vc_empty_space\"   style=\"height: 10px\"><span class=\"vc_empty_space_inner\"><\/span><\/div><div class=\"qodef-shortcode qodef-m  qodef-icon-with-text qodef-layout--before-content qodef--icon-pack\">\n\t<div class=\"qodef-m-icon-wrapper\">\n\t\t<span class=\"qodef-shortcode qodef-m  qodef-icon-holder qodef-size--default qodef-layout--normal\"  style=\"color: #c8693a\">\t\t\t<a itemprop=\"url\" href=\"tel:+381690785561\" target=\"_blank\">        <span class=\"qodef-icon-linea-icons icon-basic-smartphone qodef-icon qodef-e\" style=\"font-size:21px\" ><\/span>            <\/a>\t<\/span>\t<\/div>\n\t<div class=\"qodef-m-content\">\n\t\t\t\t\t\t\t<a itemprop=\"url\" href=\"tel:+381690785561\" target=\"_blank\">\n\t\t<p class=\"qodef-m-text\" style=\"margin-top: -2px;color: #817c7b\">+381 69 078 55 61<\/p>\n\t\t\t<\/a>\n\t\t<\/div>\n<\/div><div class=\"vc_empty_space\"   style=\"height: 30px\"><span class=\"vc_empty_space_inner\"><\/span><\/div><div class=\"qodef-shortcode qodef-m  qodef-section-title qodef-alignment--left\">\n\t\t\t<p class=\"qodef-m-subtitle\" >You can send us a message by filling out the form below.<\/p>\n\t<\/div><div role=\"form\" class=\"wpcf7\" id=\"wpcf7-f5330-o1\" lang=\"sr-RS\" dir=\"ltr\">\n<div class=\"screen-reader-response\" aria-live=\"polite\"><\/div>\n<form action=\"\/en\/wp-json\/wp\/v2\/pages\/1209#wpcf7-f5330-o1\" method=\"post\" class=\"wpcf7-form\" novalidate=\"novalidate\" data-trp-original-action=\"\/en\/wp-json\/wp\/v2\/pages\/1209#wpcf7-f5330-o1\">\n<div style=\"display: none;\">\n<input type=\"hidden\" name=\"_wpcf7\" value=\"5330\" \/>\n<input type=\"hidden\" name=\"_wpcf7_version\" value=\"5.1.8\" \/>\n<input type=\"hidden\" name=\"_wpcf7_locale\" value=\"sr_RS\" \/>\n<input type=\"hidden\" name=\"_wpcf7_unit_tag\" value=\"wpcf7-f5330-o1\" \/>\n<input type=\"hidden\" name=\"_wpcf7_container_post\" value=\"0\" \/>\n<\/div>\n<p><label> Your name (required)<br \/>\n    <span class=\"wpcf7-form-control-wrap your-name\"><input type=\"text\" name=\"your-name\" value=\"\" size=\"40\" class=\"wpcf7-form-control wpcf7-text wpcf7-validates-as-required\" aria-required=\"true\" aria-invalid=\"false\" \/><\/span> <\/label><\/p>\n<p><label> Your e-mail address (required)<br \/>\n    <span class=\"wpcf7-form-control-wrap your-email\"><input type=\"email\" name=\"your-email\" value=\"\" size=\"40\" class=\"wpcf7-form-control wpcf7-text wpcf7-email wpcf7-validates-as-required wpcf7-validates-as-email\" aria-required=\"true\" aria-invalid=\"false\" \/><\/span> <\/label><\/p>\n<p><label> Title<br \/>\n    <span class=\"wpcf7-form-control-wrap your-subject\"><input type=\"text\" name=\"your-subject\" value=\"\" size=\"40\" class=\"wpcf7-form-control wpcf7-text\" aria-invalid=\"false\" \/><\/span> <\/label><\/p>\n<p><label> Your message<br \/>\n    <span class=\"wpcf7-form-control-wrap your-message\"><textarea name=\"your-message\" cols=\"40\" rows=\"10\" class=\"wpcf7-form-control wpcf7-textarea\" aria-invalid=\"false\"><\/textarea><\/span> <\/label><\/p>\n<p><button type=\"submit\" class=\"wpcf7-form-control wpcf7-submit qodef-button qodef-size--normal qodef-type--filled qodef-m\"><span class=\"qodef-m-text\">Send<\/span><\/button><\/p>\n<div class=\"wpcf7-response-output wpcf7-display-none\" aria-hidden=\"true\"><\/div><input type=\"hidden\" name=\"trp-form-language\" value=\"en\"\/><\/form><\/div><div class=\"vc_empty_space\"   style=\"height: 60px\"><span class=\"vc_empty_space_inner\"><\/span><\/div><\/div><\/div><\/div><\/div><\/div>","protected":false},"excerpt":{"rendered":"Kontaktirajte nas info@pirum.rs +381 69 078 55 61 Mo\u017eete nam poslati poruku popunjavanjem forme u nastavku. Va\u0161e ime i prezime (obavezno) Va\u0161a e-mail adresa (obavezno) Naslov Va\u0161a poruka Po\u0161alji","protected":false},"author":1,"featured_media":0,"parent":0,"menu_order":0,"comment_status":"closed","ping_status":"closed","template":"page-full-width.php","meta":[],"yoast_head":"<!-- This site is optimized with the Yoast SEO plugin v15.1.1 - https:\/\/yoast.com\/wordpress\/plugins\/seo\/ -->\n<title>Kontakt - Pirum fruit brandy<\/title>\n<meta name=\"robots\" content=\"index, follow, max-snippet:-1, max-image-preview:large, max-video-preview:-1\" \/>\n<link rel=\"canonical\" href=\"https:\/\/pirum.rs\/en\/kontakt\/\" \/>\n<meta property=\"og:locale\" content=\"en_US\" \/>\n<meta property=\"og:type\" content=\"article\" \/>\n<meta property=\"og:title\" content=\"Kontakt - Pirum fruit brandy\" \/>\n<meta property=\"og:url\" content=\"https:\/\/pirum.rs\/en\/kontakt\/\" \/>\n<meta property=\"og:site_name\" content=\"Pirum fruit brandy\" \/>\n<meta property=\"article:publisher\" content=\"https:\/\/www.facebook.com\/pirum.fruit.brandy\" \/>\n<meta property=\"article:modified_time\" content=\"2021-04-13T21:46:20+00:00\" \/>\n<meta name=\"twitter:card\" content=\"summary_large_image\" \/>\n<script type=\"application\/ld+json\" class=\"yoast-schema-graph\">{\"@context\":\"https:\/\/schema.org\",\"@graph\":[{\"@type\":\"Organization\",\"@id\":\"https:\/\/pirum.rs\/en\/#organization\",\"name\":\"Pirum\",\"url\":\"https:\/\/pirum.rs\/en\/\",\"sameAs\":[\"https:\/\/www.facebook.com\/pirum.fruit.brandy\",\"https:\/\/www.instagram.com\/pirum.brandy\/\"],\"logo\":{\"@type\":\"ImageObject\",\"@id\":\"https:\/\/pirum.rs\/en\/#logo\",\"inLanguage\":\"en-US\",\"url\":\"https:\/\/pirum.rs\/wp-content\/uploads\/2020\/04\/pyrosLogoBlack.png\",\"width\":216,\"height\":217,\"caption\":\"Pirum\"},\"image\":{\"@id\":\"https:\/\/pirum.rs\/en\/#logo\"}},{\"@type\":\"WebSite\",\"@id\":\"https:\/\/pirum.rs\/en\/#website\",\"url\":\"https:\/\/pirum.rs\/en\/\",\"name\":\"Pirum fruit brandy\",\"description\":\"Carefully crafted fruit brandy\",\"publisher\":{\"@id\":\"https:\/\/pirum.rs\/en\/#organization\"},\"potentialAction\":[{\"@type\":\"SearchAction\",\"target\":\"https:\/\/pirum.rs\/en\/?s={search_term_string}\",\"query-input\":\"required name=search_term_string\"}],\"inLanguage\":\"en-US\"},{\"@type\":\"WebPage\",\"@id\":\"https:\/\/pirum.rs\/kontakt\/#webpage\",\"url\":\"https:\/\/pirum.rs\/kontakt\/\",\"name\":\"Kontakt - Pirum fruit brandy\",\"isPartOf\":{\"@id\":\"https:\/\/pirum.rs\/en\/#website\"},\"datePublished\":\"2019-09-06T13:16:30+00:00\",\"dateModified\":\"2021-04-13T21:46:20+00:00\",\"inLanguage\":\"en-US\",\"potentialAction\":[{\"@type\":\"ReadAction\",\"target\":[\"https:\/\/pirum.rs\/kontakt\/\"]}]}]}<\/script>\n<!-- \/ Yoast SEO plugin. -->","_links":{"self":[{"href":"https:\/\/pirum.rs\/en\/wp-json\/wp\/v2\/pages\/1209"}],"collection":[{"href":"https:\/\/pirum.rs\/en\/wp-json\/wp\/v2\/pages"}],"about":[{"href":"https:\/\/pirum.rs\/en\/wp-json\/wp\/v2\/types\/page"}],"author":[{"embeddable":true,"href":"https:\/\/pirum.rs\/en\/wp-json\/wp\/v2\/users\/1"}],"replies":[{"embeddable":true,"href":"https:\/\/pirum.rs\/en\/wp-json\/wp\/v2\/comments?post=1209"}],"version-history":[{"count":28,"href":"https:\/\/pirum.rs\/en\/wp-json\/wp\/v2\/pages\/1209\/revisions"}],"predecessor-version":[{"id":5405,"href":"https:\/\/pirum.rs\/en\/wp-json\/wp\/v2\/pages\/1209\/revisions\/5405"}],"wp:attachment":[{"href":"https:\/\/pirum.rs\/en\/wp-json\/wp\/v2\/media?parent=1209"}],"curies":[{"name":"wp","href":"https:\/\/api.w.org\/{rel}","templated":true}]}}